{"id":13,"date":"2024-08-15T02:18:35","date_gmt":"2024-08-15T02:18:35","guid":{"rendered":"https:\/\/sites.eboss.mx\/?page_id=13"},"modified":"2024-08-23T01:02:54","modified_gmt":"2024-08-23T01:02:54","slug":"inicio","status":"publish","type":"page","link":"https:\/\/sites.eboss.mx\/","title":{"rendered":"Inicio"},"content":{"rendered":"\n\n\t\t\t\t<a href=\"https:\/\/eboss.mx\" target=\"_blank\" rel=\"noopener\" itemprop=\"url\">\n\t\t\t\t<img loading=\"lazy\" decoding=\"async\" src=\"https:\/\/sites.eboss.mx\/wp-content\/uploads\/2024\/08\/Marca-eBoss-2023.png\" alt=\"Marca eBoss 2023\" itemprop=\"image\" height=\"172\" width=\"600\" title=\"Marca eBoss 2023\" onerror=\"this.style.display='none'\"  \/>\n\t\t\t\t<\/a>\n<h1>\n\t\tDise\u00f1o de Sitios Web en Guadalajara\n\t<\/h1>\n<h3>\n\t\tEnfocados a optimizar visitas y ventas con tu cliente objetivo\n\t<\/h3>\n\t\t\t<a href=\"https:\/\/eboss.mx\/desarrollo-web\/\" target=\"_blank\" rel=\"noopener\">\n\t\t\t\t\t\t\tInformaci\u00f3n de Dise\u00f1o Web\n\t\t\t\t\t<\/a>\n\t<h3>Servicio Personalizado<\/h3><p>Nos involucramos para representar de forma fiel los valores y virtudes de tu empresa ante tus clientes<\/p>\n\t<h3>Soporte Postventa<\/h3><p>Tanto durante el dise\u00f1o como despu\u00e9s, podemos trabajar en conjunto para reajustar u optimizar tu sitio<\/p>\n\t<h3>Logra tus objetivos<\/h3><p>El dise\u00f1o es importante, pero m\u00e1s a\u00fan la alineaci\u00f3n con tus objetivos de marketing y ventas, as\u00ed que lo trabajamos integralmente<\/p>\n<h2>\n\t\tO\n\t<\/h2>\n\t\t\t\t<a href=\"https:\/\/eboss.mx\/videos-corporativos\/\" target=\"_blank\" rel=\"noopener\" itemprop=\"url\">\n\t\t\t\t<img decoding=\"async\" src=\"https:\/\/demos.wpbeaverbuilder.com\/wp-content\/uploads\/sites\/4\/bb-plugin\/cache\/2922127733_dc8576e308_b-landscape.jpg\" alt=\"\" itemprop=\"image\" onerror=\"this.style.display='none'\"  \/>\n\t\t\t\t<\/a>\n<h4><a href=\"https:\/\/eboss.mx\/videos-corporativos\/\" target=\"_blank\" rel=\"noopener\">Videos Corporativos<\/a><\/h4>\t\n\t\t\t\t<a href=\"https:\/\/eboss.mx\/google-ads\/\" target=\"_blank\" rel=\"noopener\" itemprop=\"url\">\n\t\t\t\t<img decoding=\"async\" src=\"https:\/\/demos.wpbeaverbuilder.com\/wp-content\/uploads\/sites\/4\/bb-plugin\/cache\/2984808217_87edbdfa79_b-landscape.jpg\" alt=\"\" itemprop=\"image\" onerror=\"this.style.display='none'\"  \/>\n\t\t\t\t<\/a>\n<h4><a href=\"https:\/\/eboss.mx\/google-ads\/\" target=\"_blank\" rel=\"noopener\">Publicidad Google Ads<\/a><\/h4>\t\n\t\t\t\t<a href=\"https:\/\/eboss.mx\/redes-sociales\/\" target=\"_blank\" rel=\"noopener\" itemprop=\"url\">\n\t\t\t\t<img decoding=\"async\" src=\"https:\/\/demos.wpbeaverbuilder.com\/wp-content\/uploads\/sites\/4\/bb-plugin\/cache\/lights-1024x768-landscape.jpg\" alt=\"\" itemprop=\"image\" onerror=\"this.style.display='none'\"  \/>\n\t\t\t\t<\/a>\n<h4><a href=\"https:\/\/eboss.mx\/redes-sociales\/\" target=\"_blank\" rel=\"noopener\">Agencia de Redes Sociales<\/a><\/h4>\t\n\t\t\t\t<a href=\"https:\/\/eboss.mx\/soluciones-de-marketing\/consultoria-en-marketing\/\" target=\"_blank\" rel=\"noopener\" itemprop=\"url\">\n\t\t\t\t<img decoding=\"async\" src=\"https:\/\/demos.wpbeaverbuilder.com\/wp-content\/uploads\/sites\/4\/bb-plugin\/cache\/iStock_000012026571Medium-683x1024-landscape.jpg\" alt=\"\" itemprop=\"image\" onerror=\"this.style.display='none'\"  \/>\n\t\t\t\t<\/a>\n<h4><a href=\"https:\/\/eboss.mx\/soluciones-de-marketing\/consultoria-en-marketing\/\" target=\"_blank\" rel=\"noopener\">Consultor\u00eda en Marketing<\/a><\/h4>\t\n\t\t<h3>Cu\u00e9ntanos sobre tu proyecto y qu\u00e9 quieres lograr<\/h3>\n\t\t<p>Agencia de Marketing en Guadalajara y Aguascalientes<\/p>\n\t\t\t<a href=\"https:\/\/eboss.mx\" target=\"_blank\" rel=\"noopener\">\n\t\t\t\t\t\t\tConoce m\u00e1s\n\t\t\t\t\t<\/a>\n\n","protected":false},"excerpt":{"rendered":"<p>Dise\u00f1o de Sitios Web en Guadalajara Enfocados a optimizar visitas y ventas con tu cliente objetivo Informaci\u00f3n de Dise\u00f1o Web [&hellip;]<\/p>\n","protected":false},"author":1,"featured_media":0,"parent":0,"menu_order":0,"comment_status":"closed","ping_status":"closed","template":"","meta":{"site-sidebar-layout":"no-sidebar","site-content-layout":"page-builder","ast-site-content-layout":"full-width-container","site-content-style":"default","site-sidebar-style":"default","ast-global-header-display":"disabled","ast-banner-title-visibility":"","ast-main-header-display":"","ast-hfb-above-header-display":"","ast-hfb-below-header-display":"","ast-hfb-mobile-header-display":"","site-post-title":"disabled","ast-breadcrumbs-content":"","ast-featured-img":"disabled","footer-sml-layout":"disabled","theme-transparent-header-meta":"","adv-header-id-meta":"","stick-header-meta":"","header-above-stick-meta":"","header-main-stick-meta":"","header-below-stick-meta":"","astra-migrate-meta-layouts":"default","ast-page-background-enabled":"default","ast-page-background-meta":{"desktop":{"background-color":"var(--ast-global-color-4)","background-image":"","background-repeat":"repeat","background-position":"center center","background-size":"auto","background-attachment":"scroll","background-type":"","background-media":"","overlay-type":"","overlay-color":"","overlay-opacity":"","overlay-gradient":""},"tablet":{"background-color":"","background-image":"","background-repeat":"repeat","background-position":"center center","background-size":"auto","background-attachment":"scroll","background-type":"","background-media":"","overlay-type":"","overlay-color":"","overlay-opacity":"","overlay-gradient":""},"mobile":{"background-color":"","background-image":"","background-repeat":"repeat","background-position":"center center","background-size":"auto","background-attachment":"scroll","background-type":"","background-media":"","overlay-type":"","overlay-color":"","overlay-opacity":"","overlay-gradient":""}},"ast-content-background-meta":{"desktop":{"background-color":"var(--ast-global-color-5)","background-image":"","background-repeat":"repeat","background-position":"center center","background-size":"auto","background-attachment":"scroll","background-type":"","background-media":"","overlay-type":"","overlay-color":"","overlay-opacity":"","overlay-gradient":""},"tablet":{"background-color":"var(--ast-global-color-5)","background-image":"","background-repeat":"repeat","background-position":"center center","background-size":"auto","background-attachment":"scroll","background-type":"","background-media":"","overlay-type":"","overlay-color":"","overlay-opacity":"","overlay-gradient":""},"mobile":{"background-color":"var(--ast-global-color-5)","background-image":"","background-repeat":"repeat","background-position":"center center","background-size":"auto","background-attachment":"scroll","background-type":"","background-media":"","overlay-type":"","overlay-color":"","overlay-opacity":"","overlay-gradient":""}},"footnotes":""},"class_list":["post-13","page","type-page","status-publish","hentry"],"_links":{"self":[{"href":"https:\/\/sites.eboss.mx\/index.php?rest_route=\/wp\/v2\/pages\/13","targetHints":{"allow":["GET"]}}],"collection":[{"href":"https:\/\/sites.eboss.mx\/index.php?rest_route=\/wp\/v2\/pages"}],"about":[{"href":"https:\/\/sites.eboss.mx\/index.php?rest_route=\/wp\/v2\/types\/page"}],"author":[{"embeddable":true,"href":"https:\/\/sites.eboss.mx\/index.php?rest_route=\/wp\/v2\/users\/1"}],"replies":[{"embeddable":true,"href":"https:\/\/sites.eboss.mx\/index.php?rest_route=%2Fwp%2Fv2%2Fcomments&post=13"}],"version-history":[{"count":6,"href":"https:\/\/sites.eboss.mx\/index.php?rest_route=\/wp\/v2\/pages\/13\/revisions"}],"predecessor-version":[{"id":23,"href":"https:\/\/sites.eboss.mx\/index.php?rest_route=\/wp\/v2\/pages\/13\/revisions\/23"}],"wp:attachment":[{"href":"https:\/\/sites.eboss.mx\/index.php?rest_route=%2Fwp%2Fv2%2Fmedia&parent=13"}],"curies":[{"name":"wp","href":"https:\/\/api.w.org\/{rel}","templated":true}]}}